{"id":2,"date":"2022-10-07T16:53:20","date_gmt":"2022-10-07T16:53:20","guid":{"rendered":"http:\/\/hydrant.ovh\/?page_id=2"},"modified":"2023-12-05T16:46:27","modified_gmt":"2023-12-05T16:46:27","slug":"sample-page","status":"publish","type":"page","link":"https:\/\/hydrant.ovh\/","title":{"rendered":"o firmie"},"content":{"rendered":"\n<p>Producent <a href=\"https:\/\/www.solid-bhp.pl\/urzadzenia-do-badania-wydajnosci-hydrantow-solid-bhp\/\">urz\u0105dze\u0144 do badania hydrant\u00f3w<\/a> i tester\u00f3w <a href=\"https:\/\/flow-test.pl\/marka-flow-test\/\">FLOW TEST<\/a>.<\/p>\n\n\n\n<p>Jeste\u015bmy Polskim renomowanym producentem urz\u0105dze\u0144 do badania hydrant\u00f3w <\/p>\n\n\n\n<p>Produkujemy wysokiej jako\u015bci <a href=\"https:\/\/www.solid-bhp.pl\/urzadzenia-do-badania-wydajnosci-hydrantow-solid-bhp\/\">urz\u0105dzenia do badani hydrant\u00f3w<\/a>. Nasze produkty to <a href=\"https:\/\/hydro-solid.eu\/zestawy-pomiarowe-do-hydrantow-wewnetrznych-i-zewnetrznych-c-1_4.html\">Atestowane zestawy do badania hydrant\u00f3w<\/a>. Nasze urz\u0105dzenia s\u0105 w konkurencyjnych cenach oraz s\u0105 wysokiej jako\u015bci.  <\/p>\n\n\n<p><em>SOLID-BHP z du\u017cym potencja\u0142em produkcyjnym pozwalaj\u0105cym na wytwarzanie do 500 urz\u0105dze\u0144 dziennie , jest jednym z wiod\u0105cych producent\u00f3w urz\u0105dze\u0144 do badania hydrant\u00f3w w Europie. <strong>W swojej ofercie posiadamy analogowe urz\u0105dzenia do badania hydrant\u00f3w, analogowe zestawy do badania hydrant\u00f3w oraz <a href=\"https:\/\/flow-test.pl\/modele-flow-test\/\">cyfrowe urz\u0105dzenia do badania hydrant\u00f3w typu FLOW TEST FT<\/a> jak i oprogramowanie komputerowe do obs\u0142ugi wydajno\u015bci hydrant\u00f3w.<\/strong> Nasze urz\u0105dzenia do badania hydrant\u00f3w jako jedyne w Polsce i Europie posiadaj\u0105 wszelkie niezb\u0119dne atesty, opinie techniczne\u00a0 i <\/em><em>ekspertyzy wydane przez Laboratorium Telemetrii Okr\u0119gowego <strong>Urz\u0119du Miar w Krakowie<\/strong>, Laboratorium instytutu in\u017cynierii cieplnej i procesowej wydzia\u0142u mechanicznego <strong>Politechniki Krakowskiej<\/strong> i Narodowy Instytut Zdrowia Publicznego <strong>PZH-PIB<\/strong>.<\/em><\/p>","protected":false},"excerpt":{"rendered":"<p>Producent urz\u0105dze\u0144 do badania hydrant\u00f3w i tester\u00f3w FLOW TEST. Jeste\u015bmy Polskim renomowanym producentem urz\u0105dze\u0144 do badania hydrant\u00f3w Produkujemy wysokiej jako\u015bci urz\u0105dzenia do badani hydrant\u00f3w. Nasze produkty to Atestowane zestawy do badania hydrant\u00f3w. Nasze urz\u0105dzenia s\u0105 w konkurencyjnych cenach oraz s\u0105 wysokiej jako\u015bci. SOLID-BHP z du\u017cym potencja\u0142em produkcyjnym pozwalaj\u0105cym na wytwarzanie do 500 urz\u0105dze\u0144 dziennie , [&hellip;]<\/p>\n","protected":false},"author":1,"featured_media":0,"parent":0,"menu_order":0,"comment_status":"closed","ping_status":"open","template":"","meta":{"_seopress_robots_primary_cat":"","_seopress_titles_title":"","_seopress_titles_desc":"","_seopress_robots_index":"","_bbp_topic_count":0,"_bbp_reply_count":0,"_bbp_total_topic_count":0,"_bbp_total_reply_count":0,"_bbp_voice_count":0,"_bbp_anonymous_reply_count":0,"_bbp_topic_count_hidden":0,"_bbp_reply_count_hidden":0,"_bbp_forum_subforum_count":0,"footnotes":""},"class_list":["post-2","page","type-page","status-publish","hentry"],"jetpack_sharing_enabled":true,"_links":{"self":[{"href":"https:\/\/hydrant.ovh\/index.php\/wp-json\/wp\/v2\/pages\/2","targetHints":{"allow":["GET"]}}],"collection":[{"href":"https:\/\/hydrant.ovh\/index.php\/wp-json\/wp\/v2\/pages"}],"about":[{"href":"https:\/\/hydrant.ovh\/index.php\/wp-json\/wp\/v2\/types\/page"}],"author":[{"embeddable":true,"href":"https:\/\/hydrant.ovh\/index.php\/wp-json\/wp\/v2\/users\/1"}],"replies":[{"embeddable":true,"href":"https:\/\/hydrant.ovh\/index.php\/wp-json\/wp\/v2\/comments?post=2"}],"version-history":[{"count":8,"href":"https:\/\/hydrant.ovh\/index.php\/wp-json\/wp\/v2\/pages\/2\/revisions"}],"predecessor-version":[{"id":218,"href":"https:\/\/hydrant.ovh\/index.php\/wp-json\/wp\/v2\/pages\/2\/revisions\/218"}],"wp:attachment":[{"href":"https:\/\/hydrant.ovh\/index.php\/wp-json\/wp\/v2\/media?parent=2"}],"curies":[{"name":"wp","href":"https:\/\/api.w.org\/{rel}","templated":true}]}}